{"id":29,"date":"2022-07-04T10:32:55","date_gmt":"2022-07-04T10:32:55","guid":{"rendered":"https:\/\/demo.themexpert.com\/wordpress\/edumodo-update\/lp-v1\/?page_id=29"},"modified":"2024-11-30T12:58:50","modified_gmt":"2024-11-30T12:58:50","slug":"home","status":"publish","type":"page","link":"https:\/\/roundomz.co.uk\/Funmi\/","title":{"rendered":"Home"},"content":{"rendered":"\t\t<div data-elementor-type=\"wp-page\" data-elementor-id=\"29\" class=\"elementor elementor-29\">\n\t\t\t\t<div class=\"elementor-element elementor-element-1a930d0 e-flex e-con-boxed e-con e-parent\" data-id=\"1a930d0\" data-element_type=\"container\" data-e-type=\"container\">\n\t\t\t\t\t<div class=\"e-con-inner\">\n\t\t\t\t\t<\/div>\n\t\t\t\t<\/div>\n\t\t\t\t<section class=\"elementor-section elementor-top-section elementor-element elementor-element-928319 elementor-section-stretched elementor-section-content-middle elementor-section-boxed elementor-section-height-default elementor-section-height-default elementor-invisible\" data-id=\"928319\" data-element_type=\"section\" data-e-type=\"section\" data-settings=\"{&quot;stretch_section&quot;:&quot;section-stretched&quot;,&quot;background_background&quot;:&quot;classic&quot;,&quot;shape_divider_top&quot;:&quot;book&quot;,&quot;animation&quot;:&quot;rollIn&quot;}\">\n\t\t\t\t\t\t\t<div class=\"elementor-background-overlay\"><\/div>\n\t\t\t\t\t\t<div class=\"elementor-shape elementor-shape-top\" aria-hidden=\"true\" data-negative=\"false\">\n\t\t\t<svg xmlns=\"http:\/\/www.w3.org\/2000\/svg\" viewBox=\"0 0 1000 100\" preserveAspectRatio=\"none\">\n\t<path class=\"elementor-shape-fill\" d=\"M194,99c186.7,0.7,305-78.3,306-97.2c1,18.9,119.3,97.9,306,97.2c114.3-0.3,194,0.3,194,0.3s0-91.7,0-100c0,0,0,0,0-0 L0,0v99.3C0,99.3,79.7,98.7,194,99z\"\/>\n<\/svg>\t\t<\/div>\n\t\t\t\t\t<div class=\"elementor-container elementor-column-gap-default\">\n\t\t\t\t\t<div class=\"elementor-column elementor-col-100 elementor-top-column elementor-element elementor-element-4260385e\" data-id=\"4260385e\" data-element_type=\"column\" data-e-type=\"column\">\n\t\t\t<div class=\"elementor-widget-wrap elementor-element-populated\">\n\t\t\t\t\t\t<div class=\"elementor-element elementor-element-c73cbf5 elementor-invisible elementor-widget elementor-widget-heading\" data-id=\"c73cbf5\" data-element_type=\"widget\" data-e-type=\"widget\" data-settings=\"{&quot;_animation&quot;:&quot;fadeInUp&quot;}\" data-widget_type=\"heading.default\">\n\t\t\t\t<div class=\"elementor-widget-container\">\n\t\t\t\t\t<h2 class=\"elementor-heading-title elementor-size-default\">Welcome and enjoy your day<\/h2>\t\t\t\t<\/div>\n\t\t\t\t<\/div>\n\t\t\t\t<div class=\"elementor-element elementor-element-9bb6b0 elementor-invisible elementor-widget elementor-widget-heading\" data-id=\"9bb6b0\" data-element_type=\"widget\" data-e-type=\"widget\" data-settings=\"{&quot;_animation&quot;:&quot;fadeInUp&quot;}\" data-widget_type=\"heading.default\">\n\t\t\t\t<div class=\"elementor-widget-container\">\n\t\t\t\t\t<h2 class=\"elementor-heading-title elementor-size-default\">Anime, Sci-fi, Fantasy and other Genres of book\n<\/h2>\t\t\t\t<\/div>\n\t\t\t\t<\/div>\n\t\t\t\t<div class=\"elementor-element elementor-element-5275d03d elementor-invisible elementor-widget elementor-widget-heading\" data-id=\"5275d03d\" data-element_type=\"widget\" data-e-type=\"widget\" data-settings=\"{&quot;_animation&quot;:&quot;fadeInUp&quot;}\" data-widget_type=\"heading.default\">\n\t\t\t\t<div class=\"elementor-widget-container\">\n\t\t\t\t\t<h2 class=\"elementor-heading-title elementor-size-default\">Different genres of books to leave you wanting more<\/h2>\t\t\t\t<\/div>\n\t\t\t\t<\/div>\n\t\t\t\t<div class=\"elementor-element elementor-element-53511470 elementor-tablet-align-center elementor-button-warning elementor-align-justify elementor-invisible elementor-widget elementor-widget-button\" data-id=\"53511470\" data-element_type=\"widget\" data-e-type=\"widget\" data-settings=\"{&quot;_animation&quot;:&quot;fadeInUp&quot;}\" data-widget_type=\"button.default\">\n\t\t\t\t<div class=\"elementor-widget-container\">\n\t\t\t\t\t\t\t\t\t<div class=\"elementor-button-wrapper\">\n\t\t\t\t\t<a class=\"elementor-button elementor-button-link elementor-size-sm\" href=\"#aboutus\">\n\t\t\t\t\t\t<span class=\"elementor-button-content-wrapper\">\n\t\t\t\t\t\t\t\t\t<span class=\"elementor-button-text\">Click here to find out more<\/span>\n\t\t\t\t\t<\/span>\n\t\t\t\t\t<\/a>\n\t\t\t\t<\/div>\n\t\t\t\t\t\t\t\t<\/div>\n\t\t\t\t<\/div>\n\t\t\t\t\t<\/div>\n\t\t<\/div>\n\t\t\t\t\t<\/div>\n\t\t<\/section>\n\t\t\t\t<section class=\"elementor-section elementor-top-section elementor-element elementor-element-662501cb elementor-section-boxed elementor-section-height-default elementor-section-height-default\" data-id=\"662501cb\" data-element_type=\"section\" data-e-type=\"section\" id=\"about\" data-settings=\"{&quot;background_background&quot;:&quot;classic&quot;}\">\n\t\t\t\t\t\t<div class=\"elementor-container elementor-column-gap-default\">\n\t\t\t\t\t<div class=\"elementor-column elementor-col-50 elementor-top-column elementor-element elementor-element-43978dc3\" data-id=\"43978dc3\" data-element_type=\"column\" data-e-type=\"column\">\n\t\t\t<div class=\"elementor-widget-wrap elementor-element-populated\">\n\t\t\t\t\t\t<div class=\"elementor-element elementor-element-4f14e243 elementor-widget__width-initial elementor-widget elementor-widget-image\" data-id=\"4f14e243\" data-element_type=\"widget\" data-e-type=\"widget\" data-widget_type=\"image.default\">\n\t\t\t\t<div class=\"elementor-widget-container\">\n\t\t\t\t\t\t\t\t\t\t\t\t\t\t\t<img fetchpriority=\"high\" decoding=\"async\" width=\"640\" height=\"960\" src=\"https:\/\/roundomz.co.uk\/Funmi\/wp-content\/uploads\/2024\/11\/photo-1541963463532-d68292c34b19-683x1024.jpeg\" class=\"attachment-large size-large wp-image-9699\" alt=\"\" srcset=\"https:\/\/roundomz.co.uk\/Funmi\/wp-content\/uploads\/2024\/11\/photo-1541963463532-d68292c34b19-683x1024.jpeg 683w, https:\/\/roundomz.co.uk\/Funmi\/wp-content\/uploads\/2024\/11\/photo-1541963463532-d68292c34b19-200x300.jpeg 200w, https:\/\/roundomz.co.uk\/Funmi\/wp-content\/uploads\/2024\/11\/photo-1541963463532-d68292c34b19-768x1151.jpeg 768w, https:\/\/roundomz.co.uk\/Funmi\/wp-content\/uploads\/2024\/11\/photo-1541963463532-d68292c34b19-1025x1536.jpeg 1025w, https:\/\/roundomz.co.uk\/Funmi\/wp-content\/uploads\/2024\/11\/photo-1541963463532-d68292c34b19-1367x2048.jpeg 1367w, https:\/\/roundomz.co.uk\/Funmi\/wp-content\/uploads\/2024\/11\/photo-1541963463532-d68292c34b19-300x450.jpeg 300w, https:\/\/roundomz.co.uk\/Funmi\/wp-content\/uploads\/2024\/11\/photo-1541963463532-d68292c34b19-600x899.jpeg 600w, https:\/\/roundomz.co.uk\/Funmi\/wp-content\/uploads\/2024\/11\/photo-1541963463532-d68292c34b19-scaled.jpeg 1709w\" sizes=\"(max-width: 640px) 100vw, 640px\" \/>\t\t\t\t\t\t\t\t\t\t\t\t\t\t\t<\/div>\n\t\t\t\t<\/div>\n\t\t\t\t<div class=\"elementor-element elementor-element-20420a6d elementor-widget__width-initial elementor-absolute elementor-widget elementor-widget-image\" data-id=\"20420a6d\" data-element_type=\"widget\" data-e-type=\"widget\" data-settings=\"{&quot;_position&quot;:&quot;absolute&quot;}\" data-widget_type=\"image.default\">\n\t\t\t\t<div class=\"elementor-widget-container\">\n\t\t\t\t\t\t\t\t\t\t\t\t\t\t\t<img decoding=\"async\" width=\"640\" height=\"853\" src=\"https:\/\/roundomz.co.uk\/Funmi\/wp-content\/uploads\/2024\/11\/book-aesthetic-in-fields-48usuz3x9kczq8qu-768x1024.jpg\" class=\"attachment-large size-large wp-image-9700\" alt=\"\" srcset=\"https:\/\/roundomz.co.uk\/Funmi\/wp-content\/uploads\/2024\/11\/book-aesthetic-in-fields-48usuz3x9kczq8qu-768x1024.jpg 768w, https:\/\/roundomz.co.uk\/Funmi\/wp-content\/uploads\/2024\/11\/book-aesthetic-in-fields-48usuz3x9kczq8qu-225x300.jpg 225w, https:\/\/roundomz.co.uk\/Funmi\/wp-content\/uploads\/2024\/11\/book-aesthetic-in-fields-48usuz3x9kczq8qu-1152x1536.jpg 1152w, https:\/\/roundomz.co.uk\/Funmi\/wp-content\/uploads\/2024\/11\/book-aesthetic-in-fields-48usuz3x9kczq8qu-300x400.jpg 300w, https:\/\/roundomz.co.uk\/Funmi\/wp-content\/uploads\/2024\/11\/book-aesthetic-in-fields-48usuz3x9kczq8qu-600x800.jpg 600w, https:\/\/roundomz.co.uk\/Funmi\/wp-content\/uploads\/2024\/11\/book-aesthetic-in-fields-48usuz3x9kczq8qu.jpg 1200w\" sizes=\"(max-width: 640px) 100vw, 640px\" \/>\t\t\t\t\t\t\t\t\t\t\t\t\t\t\t<\/div>\n\t\t\t\t<\/div>\n\t\t\t\t\t<\/div>\n\t\t<\/div>\n\t\t\t\t<div class=\"elementor-column elementor-col-50 elementor-top-column elementor-element elementor-element-25e69039\" data-id=\"25e69039\" data-element_type=\"column\" data-e-type=\"column\">\n\t\t\t<div class=\"elementor-widget-wrap elementor-element-populated\">\n\t\t\t\t\t\t<div class=\"elementor-element elementor-element-a83fad5 elementor-invisible elementor-widget elementor-widget-heading\" data-id=\"a83fad5\" data-element_type=\"widget\" data-e-type=\"widget\" data-settings=\"{&quot;_animation&quot;:&quot;fadeInUp&quot;}\" data-widget_type=\"heading.default\">\n\t\t\t\t<div class=\"elementor-widget-container\">\n\t\t\t\t\t<h4 class=\"elementor-heading-title elementor-size-default\">About us<\/h4>\t\t\t\t<\/div>\n\t\t\t\t<\/div>\n\t\t\t\t<div class=\"elementor-element elementor-element-7db94547 elementor-invisible elementor-widget elementor-widget-heading\" data-id=\"7db94547\" data-element_type=\"widget\" data-e-type=\"widget\" data-settings=\"{&quot;_animation&quot;:&quot;fadeInUp&quot;}\" data-widget_type=\"heading.default\">\n\t\t\t\t<div class=\"elementor-widget-container\">\n\t\t\t\t\t<h2 class=\"elementor-heading-title elementor-size-default\">Welcome to Book-Haven<\/h2>\t\t\t\t<\/div>\n\t\t\t\t<\/div>\n\t\t\t\t<div class=\"elementor-element elementor-element-67976268 elementor-invisible elementor-widget elementor-widget-text-editor\" data-id=\"67976268\" data-element_type=\"widget\" data-e-type=\"widget\" data-settings=\"{&quot;_animation&quot;:&quot;fadeInUp&quot;}\" data-widget_type=\"text-editor.default\">\n\t\t\t\t<div class=\"elementor-widget-container\">\n\t\t\t\t\t\t\t\t\t<p>Books are important because they help us know more about the world around us, they also improve our vocabulary widening our horizons.<\/p><p><strong>But there are books we read for the fun of it.<\/strong><\/p><p>In this website you can find information about different genres of books and also summaries, maybe even extracts.<\/p>\t\t\t\t\t\t\t\t<\/div>\n\t\t\t\t<\/div>\n\t\t\t\t<div class=\"elementor-element elementor-element-318114e6 elementor-mobile-align-center elementor-invisible elementor-widget elementor-widget-button\" data-id=\"318114e6\" data-element_type=\"widget\" data-e-type=\"widget\" data-settings=\"{&quot;_animation&quot;:&quot;fadeInUp&quot;}\" data-widget_type=\"button.default\">\n\t\t\t\t<div class=\"elementor-widget-container\">\n\t\t\t\t\t\t\t\t\t<div class=\"elementor-button-wrapper\">\n\t\t\t\t\t<a class=\"elementor-button elementor-button-link elementor-size-sm\" href=\"#\">\n\t\t\t\t\t\t<span class=\"elementor-button-content-wrapper\">\n\t\t\t\t\t\t\t\t\t<span class=\"elementor-button-text\">Learn More<\/span>\n\t\t\t\t\t<\/span>\n\t\t\t\t\t<\/a>\n\t\t\t\t<\/div>\n\t\t\t\t\t\t\t\t<\/div>\n\t\t\t\t<\/div>\n\t\t\t\t\t<\/div>\n\t\t<\/div>\n\t\t\t\t\t<\/div>\n\t\t<\/section>\n\t\t\t\t<section class=\"elementor-section elementor-top-section elementor-element elementor-element-35fb1d9c elementor-section-boxed elementor-section-height-default elementor-section-height-default\" data-id=\"35fb1d9c\" data-element_type=\"section\" data-e-type=\"section\" id=\"story\" data-settings=\"{&quot;background_background&quot;:&quot;classic&quot;}\">\n\t\t\t\t\t\t<div class=\"elementor-container elementor-column-gap-default\">\n\t\t\t\t\t<div class=\"elementor-column elementor-col-100 elementor-top-column elementor-element elementor-element-412d407c\" data-id=\"412d407c\" data-element_type=\"column\" data-e-type=\"column\">\n\t\t\t<div class=\"elementor-widget-wrap elementor-element-populated\">\n\t\t\t\t\t\t<section class=\"elementor-section elementor-inner-section elementor-element elementor-element-4142ffc2 elementor-section-boxed elementor-section-height-default elementor-section-height-default\" data-id=\"4142ffc2\" data-element_type=\"section\" data-e-type=\"section\">\n\t\t\t\t\t\t<div class=\"elementor-container elementor-column-gap-default\">\n\t\t\t\t\t<div class=\"elementor-column elementor-col-100 elementor-inner-column elementor-element elementor-element-2902bee4\" data-id=\"2902bee4\" data-element_type=\"column\" data-e-type=\"column\">\n\t\t\t<div class=\"elementor-widget-wrap elementor-element-populated\">\n\t\t\t\t\t\t<div class=\"elementor-element elementor-element-457ccd6d elementor-invisible elementor-widget elementor-widget-widgetkit-testimonial\" data-id=\"457ccd6d\" data-element_type=\"widget\" data-e-type=\"widget\" data-settings=\"{&quot;_animation&quot;:&quot;fadeInUp&quot;}\" data-widget_type=\"widgetkit-testimonial.default\">\n\t\t\t\t<div class=\"elementor-widget-container\">\n\t\t\t\t\t\r\n<div class=\"wk-testimonial\" wk-slider=\"center:false; sets:false; autoplay:false; autoplay-interval:5000;\">\r\n\r\n    <div class=\"wk-visible-toggle wk-light wk-position-relative\" tabindex=\"-1\">\r\n\r\n                    <div class=\"wk-grid-medium wk-slider-items wk-flex wk-child-width-1-3@m wk-child-width-1-1@s wk-child-width-1-3@l\" wk-grid>\r\n        \r\n            <div class=\"wk-flex wk-flex-center wk-grid-match\">\n    <div class=\"wk-card wk-card-default wk-testimonial-1 wk-padding\">\n                     \n        \n        <div class=\"wk-card-body wk-padding-remove\">\n                            <div class=\"wk-text-normal\">&lt;p&gt;Real strength is how you cope with the things you didn\u2019t want or plan for.&lt;\/p&gt;<\/div>\n                        \n                                            \n                    <div class=\"wk-card-media-bottom wk-overflow-hidden\">\n                                            <img decoding=\"async\" width=\"1024\" height=\"1024\" src=\"https:\/\/roundomz.co.uk\/Funmi\/wp-content\/uploads\/2024\/11\/Anna_Hackett.jpg\" class=\"attachment-full size-full\" alt=\"Anna Hackett\" \/>                     \n                    <\/div>\n                 \n             \n\n                                                    \n                            <h4 class=\"wk-card-title wk-margin-remove\">\n                                                <a href=\"\" \"rel=\"nofollow\">Anna Hackett<\/a>\n                     \n                    \n                                                                            \n                <\/h4>  \n            \n                                                        <span class=\"wk-text-meta wk-inline-block bottom\">Author of the Investigator Series<\/span>\n                                        <\/div>\n    \n    <\/div>\n<\/div><div class=\"wk-flex wk-flex-center wk-grid-match\">\n    <div class=\"wk-card wk-card-default wk-testimonial-1 wk-padding\">\n                     \n        \n        <div class=\"wk-card-body wk-padding-remove\">\n                            <div class=\"wk-text-normal\">&lt;p&gt;Next time, do everyone a favour and take a picture. It will last longer.&lt;\/p&gt;<\/div>\n                        \n                                            \n                    <div class=\"wk-card-media-bottom wk-overflow-hidden\">\n                                            <img loading=\"lazy\" decoding=\"async\" width=\"266\" height=\"425\" src=\"https:\/\/roundomz.co.uk\/Funmi\/wp-content\/uploads\/2024\/11\/April.jpg\" class=\"attachment-full size-full\" alt=\"April Wilson\" srcset=\"https:\/\/roundomz.co.uk\/Funmi\/wp-content\/uploads\/2024\/11\/April.jpg 266w, https:\/\/roundomz.co.uk\/Funmi\/wp-content\/uploads\/2024\/11\/April-188x300.jpg 188w\" sizes=\"(max-width: 266px) 100vw, 266px\" \/>                     \n                    <\/div>\n                 \n             \n\n                                                    \n                            <h4 class=\"wk-card-title wk-margin-remove\">\n                                                <a href=\"\" \"rel=\"nofollow\">April Wilson<\/a>\n                     \n                    \n                                                                            \n                <\/h4>  \n            \n                                                        <span class=\"wk-text-meta wk-inline-block bottom\">Author of the McIntyre Series<\/span>\n                                        <\/div>\n    \n    <\/div>\n<\/div><div class=\"wk-flex wk-flex-center wk-grid-match\">\n    <div class=\"wk-card wk-card-default wk-testimonial-1 wk-padding\">\n                     \n        \n        <div class=\"wk-card-body wk-padding-remove\">\n                            <div class=\"wk-text-normal\">&lt;p&gt;Don&#039;t feel bad for one moment about doing what brings you joy.&lt;\/p&gt;<\/div>\n                        \n                                            \n                    <div class=\"wk-card-media-bottom wk-overflow-hidden\">\n                                            <img loading=\"lazy\" decoding=\"async\" width=\"888\" height=\"1142\" src=\"https:\/\/roundomz.co.uk\/Funmi\/wp-content\/uploads\/2024\/11\/sarahjmaas_min.jpg\" class=\"attachment-full size-full\" alt=\"Sarah .J. Maas\" srcset=\"https:\/\/roundomz.co.uk\/Funmi\/wp-content\/uploads\/2024\/11\/sarahjmaas_min.jpg 888w, https:\/\/roundomz.co.uk\/Funmi\/wp-content\/uploads\/2024\/11\/sarahjmaas_min-233x300.jpg 233w, https:\/\/roundomz.co.uk\/Funmi\/wp-content\/uploads\/2024\/11\/sarahjmaas_min-796x1024.jpg 796w, https:\/\/roundomz.co.uk\/Funmi\/wp-content\/uploads\/2024\/11\/sarahjmaas_min-768x988.jpg 768w, https:\/\/roundomz.co.uk\/Funmi\/wp-content\/uploads\/2024\/11\/sarahjmaas_min-300x386.jpg 300w, https:\/\/roundomz.co.uk\/Funmi\/wp-content\/uploads\/2024\/11\/sarahjmaas_min-600x772.jpg 600w\" sizes=\"(max-width: 888px) 100vw, 888px\" \/>                     \n                    <\/div>\n                 \n             \n\n                                                    \n                            <h4 class=\"wk-card-title wk-margin-remove\">\n                                                <a href=\"\" \"rel=\"nofollow\">Sarah .J. Maas<\/a>\n                     \n                    \n                                                                            \n                <\/h4>  \n            \n                                                        <span class=\"wk-text-meta wk-inline-block bottom\">Author of the ACOTAR  Series<\/span>\n                                        <\/div>\n    \n    <\/div>\n<\/div>        <\/div> <!-- conditional div   -->\r\n\r\n        \r\n    <\/div>\r\n\r\n    \r\n<\/div>\r\n<script>\r\n    jQuery(function($){\r\n        if(!$('body').hasClass('wk-testimonial')){\r\n            $('body').addClass('wk-testimonial');\r\n        }\r\n    });\r\n<\/script>\r\n\r\n\r\n\t\t\t\t<\/div>\n\t\t\t\t<\/div>\n\t\t\t\t\t<\/div>\n\t\t<\/div>\n\t\t\t\t\t<\/div>\n\t\t<\/section>\n\t\t\t\t\t<\/div>\n\t\t<\/div>\n\t\t\t\t\t<\/div>\n\t\t<\/section>\n\t\t\t\t<section class=\"elementor-section elementor-top-section elementor-element elementor-element-1b7ed5c8 elementor-section-boxed elementor-section-height-default elementor-section-height-default\" data-id=\"1b7ed5c8\" data-element_type=\"section\" data-e-type=\"section\" id=\"blog\" data-settings=\"{&quot;background_background&quot;:&quot;classic&quot;}\">\n\t\t\t\t\t\t<div class=\"elementor-container elementor-column-gap-default\">\n\t\t\t\t\t<div class=\"elementor-column elementor-col-100 elementor-top-column elementor-element elementor-element-7c1bb8de\" data-id=\"7c1bb8de\" data-element_type=\"column\" data-e-type=\"column\">\n\t\t\t<div class=\"elementor-widget-wrap elementor-element-populated\">\n\t\t\t\t\t\t<section class=\"elementor-section elementor-inner-section elementor-element elementor-element-6614acb0 elementor-section-boxed elementor-section-height-default elementor-section-height-default\" data-id=\"6614acb0\" data-element_type=\"section\" data-e-type=\"section\">\n\t\t\t\t\t\t<div class=\"elementor-container elementor-column-gap-default\">\n\t\t\t\t\t<div class=\"elementor-column elementor-col-100 elementor-inner-column elementor-element elementor-element-402d12dc\" data-id=\"402d12dc\" data-element_type=\"column\" data-e-type=\"column\">\n\t\t\t<div class=\"elementor-widget-wrap elementor-element-populated\">\n\t\t\t\t\t\t<div class=\"elementor-element elementor-element-76fb66e9 elementor-invisible elementor-widget elementor-widget-heading\" data-id=\"76fb66e9\" data-element_type=\"widget\" data-e-type=\"widget\" data-settings=\"{&quot;_animation&quot;:&quot;fadeInUp&quot;}\" data-widget_type=\"heading.default\">\n\t\t\t\t<div class=\"elementor-widget-container\">\n\t\t\t\t\t<h4 class=\"elementor-heading-title elementor-size-default\">Our Blog<\/h4>\t\t\t\t<\/div>\n\t\t\t\t<\/div>\n\t\t\t\t<div class=\"elementor-element elementor-element-7f56d1c2 elementor-invisible elementor-widget elementor-widget-heading\" data-id=\"7f56d1c2\" data-element_type=\"widget\" data-e-type=\"widget\" data-settings=\"{&quot;_animation&quot;:&quot;fadeInUp&quot;}\" data-widget_type=\"heading.default\">\n\t\t\t\t<div class=\"elementor-widget-container\">\n\t\t\t\t\t<h2 class=\"elementor-heading-title elementor-size-default\">Our Books and Authors<\/h2>\t\t\t\t<\/div>\n\t\t\t\t<\/div>\n\t\t\t\t<div class=\"elementor-element elementor-element-3781b775 elementor-invisible elementor-widget elementor-widget-text-editor\" data-id=\"3781b775\" data-element_type=\"widget\" data-e-type=\"widget\" data-settings=\"{&quot;_animation&quot;:&quot;fadeInUp&quot;}\" data-widget_type=\"text-editor.default\">\n\t\t\t\t<div class=\"elementor-widget-container\">\n\t\t\t\t\t\t\t\t\t<p>Anna Hackett: Sentinel Security series, Hell Squad series, Fury brothers series&#8230; the list goes on<\/p><p>April Wilson: McIntyre Security series.<\/p><p>Serenity Woods, Faridah \u00e0b\u00edk\u00e9-\u00edy\u00edm\u00edd\u00e9.<\/p><p>Sarah J. Maas: The\u00a0 ACOTAR Series<\/p>\t\t\t\t\t\t\t\t<\/div>\n\t\t\t\t<\/div>\n\t\t\t\t\t<\/div>\n\t\t<\/div>\n\t\t\t\t\t<\/div>\n\t\t<\/section>\n\t\t\t\t\t<\/div>\n\t\t<\/div>\n\t\t\t\t\t<\/div>\n\t\t<\/section>\n\t\t<div class=\"elementor-element elementor-element-b94179c e-flex e-con-boxed e-con e-parent\" data-id=\"b94179c\" data-element_type=\"container\" data-e-type=\"container\">\n\t\t\t\t\t<div class=\"e-con-inner\">\n\t\t\t\t<div class=\"elementor-element elementor-element-03d0b2c elementor-widget elementor-widget-image\" data-id=\"03d0b2c\" data-element_type=\"widget\" data-e-type=\"widget\" data-widget_type=\"image.default\">\n\t\t\t\t<div class=\"elementor-widget-container\">\n\t\t\t\t\t\t\t\t\t\t\t\t\t\t\t<img loading=\"lazy\" decoding=\"async\" width=\"640\" height=\"359\" src=\"https:\/\/roundomz.co.uk\/Funmi\/wp-content\/uploads\/2024\/11\/Spiraling-in-whimsical-fashion-a-bookshelf-holds-books-stacked-along-its-curves-in-a-vibrant-display-that-creates-an-eye-catching-wallpaper-1024x574.jpg\" class=\"attachment-large size-large wp-image-9723\" alt=\"\" srcset=\"https:\/\/roundomz.co.uk\/Funmi\/wp-content\/uploads\/2024\/11\/Spiraling-in-whimsical-fashion-a-bookshelf-holds-books-stacked-along-its-curves-in-a-vibrant-display-that-creates-an-eye-catching-wallpaper-1024x574.jpg 1024w, https:\/\/roundomz.co.uk\/Funmi\/wp-content\/uploads\/2024\/11\/Spiraling-in-whimsical-fashion-a-bookshelf-holds-books-stacked-along-its-curves-in-a-vibrant-display-that-creates-an-eye-catching-wallpaper-300x168.jpg 300w, https:\/\/roundomz.co.uk\/Funmi\/wp-content\/uploads\/2024\/11\/Spiraling-in-whimsical-fashion-a-bookshelf-holds-books-stacked-along-its-curves-in-a-vibrant-display-that-creates-an-eye-catching-wallpaper-768x430.jpg 768w, https:\/\/roundomz.co.uk\/Funmi\/wp-content\/uploads\/2024\/11\/Spiraling-in-whimsical-fashion-a-bookshelf-holds-books-stacked-along-its-curves-in-a-vibrant-display-that-creates-an-eye-catching-wallpaper-1536x861.jpg 1536w, https:\/\/roundomz.co.uk\/Funmi\/wp-content\/uploads\/2024\/11\/Spiraling-in-whimsical-fashion-a-bookshelf-holds-books-stacked-along-its-curves-in-a-vibrant-display-that-creates-an-eye-catching-wallpaper-2048x1148.jpg 2048w, https:\/\/roundomz.co.uk\/Funmi\/wp-content\/uploads\/2024\/11\/Spiraling-in-whimsical-fashion-a-bookshelf-holds-books-stacked-along-its-curves-in-a-vibrant-display-that-creates-an-eye-catching-wallpaper-600x336.jpg 600w\" sizes=\"(max-width: 640px) 100vw, 640px\" \/>\t\t\t\t\t\t\t\t\t\t\t\t\t\t\t<\/div>\n\t\t\t\t<\/div>\n\t\t\t\t\t<\/div>\n\t\t\t\t<\/div>\n\t\t\t\t<\/div>\n\t\t","protected":false},"excerpt":{"rendered":"<p>Welcome and enjoy your day Anime, Sci-fi, Fantasy and other Genres of book Different genres of books to leave you [&hellip;]<\/p>\n","protected":false},"author":1,"featured_media":0,"parent":0,"menu_order":0,"comment_status":"closed","ping_status":"closed","template":"elementor_header_footer","meta":{"footnotes":""},"class_list":["post-29","page","type-page","status-publish","hentry"],"_links":{"self":[{"href":"https:\/\/roundomz.co.uk\/Funmi\/wp-json\/wp\/v2\/pages\/29","targetHints":{"allow":["GET"]}}],"collection":[{"href":"https:\/\/roundomz.co.uk\/Funmi\/wp-json\/wp\/v2\/pages"}],"about":[{"href":"https:\/\/roundomz.co.uk\/Funmi\/wp-json\/wp\/v2\/types\/page"}],"author":[{"embeddable":true,"href":"https:\/\/roundomz.co.uk\/Funmi\/wp-json\/wp\/v2\/users\/1"}],"replies":[{"embeddable":true,"href":"https:\/\/roundomz.co.uk\/Funmi\/wp-json\/wp\/v2\/comments?post=29"}],"version-history":[{"count":31,"href":"https:\/\/roundomz.co.uk\/Funmi\/wp-json\/wp\/v2\/pages\/29\/revisions"}],"predecessor-version":[{"id":9785,"href":"https:\/\/roundomz.co.uk\/Funmi\/wp-json\/wp\/v2\/pages\/29\/revisions\/9785"}],"wp:attachment":[{"href":"https:\/\/roundomz.co.uk\/Funmi\/wp-json\/wp\/v2\/media?parent=29"}],"curies":[{"name":"wp","href":"https:\/\/api.w.org\/{rel}","templated":true}]}}